{"id":157,"date":"2025-01-10T16:11:22","date_gmt":"2025-01-10T13:11:22","guid":{"rendered":"https:\/\/demo1.hanielmedia.com\/?page_id=157"},"modified":"2025-01-10T16:11:22","modified_gmt":"2025-01-10T13:11:22","slug":"yurt-disi-projelerimiz","status":"publish","type":"page","link":"https:\/\/demo1.hanielmedia.com\/index.php\/yurt-disi-projelerimiz\/","title":{"rendered":"YURT DI\u015eI PROJELER\u0130M\u0130Z"},"content":{"rendered":"","protected":false},"excerpt":{"rendered":"","protected":false},"author":1,"featured_media":0,"parent":0,"menu_order":0,"comment_status":"closed","ping_status":"closed","template":"","meta":{"footnotes":""},"class_list":["post-157","page","type-page","status-publish","hentry"],"_links":{"self":[{"href":"https:\/\/demo1.hanielmedia.com\/index.php\/wp-json\/wp\/v2\/pages\/157","targetHints":{"allow":["GET"]}}],"collection":[{"href":"https:\/\/demo1.hanielmedia.com\/index.php\/wp-json\/wp\/v2\/pages"}],"about":[{"href":"https:\/\/demo1.hanielmedia.com\/index.php\/wp-json\/wp\/v2\/types\/page"}],"author":[{"embeddable":true,"href":"https:\/\/demo1.hanielmedia.com\/index.php\/wp-json\/wp\/v2\/users\/1"}],"replies":[{"embeddable":true,"href":"https:\/\/demo1.hanielmedia.com\/index.php\/wp-json\/wp\/v2\/comments?post=157"}],"version-history":[{"count":1,"href":"https:\/\/demo1.hanielmedia.com\/index.php\/wp-json\/wp\/v2\/pages\/157\/revisions"}],"predecessor-version":[{"id":160,"href":"https:\/\/demo1.hanielmedia.com\/index.php\/wp-json\/wp\/v2\/pages\/157\/revisions\/160"}],"wp:attachment":[{"href":"https:\/\/demo1.hanielmedia.com\/index.php\/wp-json\/wp\/v2\/media?parent=157"}],"curies":[{"name":"wp","href":"https:\/\/api.w.org\/{rel}","templated":true}]}}